{"id":18109,"date":"2015-03-17T18:08:04","date_gmt":"2015-03-17T17:08:04","guid":{"rendered":"http:\/\/gorbeiakoaterpea.eus\/?page_id=18109"},"modified":"2025-10-23T09:47:17","modified_gmt":"2025-10-23T07:47:17","slug":"aterpea","status":"publish","type":"page","link":"https:\/\/gorbeiakoaterpea.eus\/es\/aterpea\/","title":{"rendered":"Refugio"},"content":{"rendered":"<section class=\"wpb-content-wrapper\"><p>[vc_row][vc_column][vc_separator type=\u00bbtransparent\u00bb thickness=\u00bb50&#8243;][\/vc_column][\/vc_row][vc_row type=\u00bbgrid\u00bb][vc_column width=\u00bb1\/4&#8243;][vc_column_text]<\/p>\n<p style=\"text-align: left;\"><a href=\"tel:711776648\"><strong>711 77 66 48<\/strong><\/a><\/p>\n<p style=\"text-align: left;\"><strong><a href=\"mailto:info@gorbeiakoaterpea.eus\">info@gorbeiakoaterpea.eus<\/a><\/strong><\/p>\n<p>[\/vc_column_text][vc_separator type=\u00bbtransparent\u00bb thickness=\u00bb10&#8243;]<a href=\"\/es\/reservas\" target=\"_self\"  class=\"qbutton  small\" style=\"\">RESERVAS<\/a>[vc_separator type=\u00bbtransparent\u00bb thickness=\u00bb10&#8243;][vc_column_text]<div class='colaboradores'><p>COLABORADORES<\/p><a href='https:\/\/www.zeanuri.eus\/es-ES\/'>\r\n\t\t\t\t\t\t\t<img src='https:\/\/gorbeiakoaterpea.eus\/wp-content\/uploads\/2023\/12\/Logo-Zeanuri.png' title='Ayuntamiento de Zeanuri' alt='Ayuntamiento de Zeanuri' \/>\r\n\t\t\t\t\t\t<\/a><a href='http:\/\/www.ferelec.com\/'>\r\n\t\t\t\t\t\t\t<img src='https:\/\/gorbeiakoaterpea.eus\/wp-content\/uploads\/2023\/12\/ferelec-250x57.jpg' title='Ferelec T\u00e9cnicas El\u00e9ctricas' alt='Ferelec T\u00e9cnicas El\u00e9ctricas' \/>\r\n\t\t\t\t\t\t<\/a><a href='#'>\r\n\t\t\t\t\t\t\t<img src='https:\/\/gorbeiakoaterpea.eus\/wp-content\/uploads\/2023\/12\/olaguenaga-250x250.jpg' title='Olabuenaga' alt='Olabuenaga' \/>\r\n\t\t\t\t\t\t<\/a><a href='https:\/\/menditek.webnode.es\/'>\r\n\t\t\t\t\t\t\t<img src='https:\/\/gorbeiakoaterpea.eus\/wp-content\/uploads\/2023\/12\/MEDITEK-LOGO-2020-250x57.jpg' title='Menditek' alt='Menditek' \/>\r\n\t\t\t\t\t\t<\/a><a href='https:\/\/gorbeiakoaterpea.eus\/es\/colaborador\/bizkaiko-mendi-federazioa\/'>\r\n\t\t\t\t\t\t\t<img src='https:\/\/gorbeiakoaterpea.eus\/wp-content\/uploads\/2023\/12\/logo-fede-bizkaia-169x250.jpg' title='Bizkaiko Mendi Federazioa' alt='Bizkaiko Mendi Federazioa' \/>\r\n\t\t\t\t\t\t<\/a><a href='https:\/\/emf.eus\/'>\r\n\t\t\t\t\t\t\t<img src='https:\/\/gorbeiakoaterpea.eus\/wp-content\/uploads\/2023\/12\/logo-euskal-fede-250x124.jpg' title='Euskal Mendizale Federazioa' alt='Euskal Mendizale Federazioa' \/>\r\n\t\t\t\t\t\t<\/a><a href='https:\/\/www.irumak.es\/'>\r\n\t\t\t\t\t\t\t<img src='https:\/\/gorbeiakoaterpea.eus\/wp-content\/uploads\/2023\/12\/Irumak-LOGO-250x77.jpg' title='Irumak' alt='Irumak' \/>\r\n\t\t\t\t\t\t<\/a><a href='https:\/\/austarrimenditaldea.com\/'>\r\n\t\t\t\t\t\t\t<img src='https:\/\/gorbeiakoaterpea.eus\/wp-content\/uploads\/2023\/12\/austarri.jpg' title='Austarri Mendi Kluba' alt='Austarri Mendi Kluba' \/>\r\n\t\t\t\t\t\t<\/a><a href='https:\/\/www.troka.com\/'>\r\n\t\t\t\t\t\t\t<img src='https:\/\/gorbeiakoaterpea.eus\/wp-content\/uploads\/2023\/11\/troka-logo-1-250x87.png' title='Troka Abentura' alt='Troka Abentura' \/>\r\n\t\t\t\t\t\t<\/a><a href='https:\/\/harrobia.net\/es\/ikastola\/'>\r\n\t\t\t\t\t\t\t<img src='https:\/\/gorbeiakoaterpea.eus\/wp-content\/uploads\/2023\/11\/harrobia-ikastola-250x92.jpg' title='Harrobia Ikastola' alt='Harrobia Ikastola' \/>\r\n\t\t\t\t\t\t<\/a><a href='https:\/\/www.engranajesdeusto.com\/'>\r\n\t\t\t\t\t\t\t<img src='https:\/\/gorbeiakoaterpea.eus\/wp-content\/uploads\/2023\/11\/logo-Engranajes-250x246.jpg' title='Engranajes Deusto' alt='Engranajes Deusto' \/>\r\n\t\t\t\t\t\t<\/a><a href='https:\/\/ganerantz.com\/'>\r\n\t\t\t\t\t\t\t<img src='https:\/\/gorbeiakoaterpea.eus\/wp-content\/uploads\/2023\/11\/LogoClubHeader.png' title='Ganerantz Mendi Tadea' alt='Ganerantz Mendi Tadea' \/>\r\n\t\t\t\t\t\t<\/a><a href='https:\/\/azkaraibaserria.wixsite.com\/azkarai'>\r\n\t\t\t\t\t\t\t<img src='https:\/\/gorbeiakoaterpea.eus\/wp-content\/uploads\/2023\/11\/azkarai-baserria-250x169.jpg' title='Azkarai Baserria' alt='Azkarai Baserria' \/>\r\n\t\t\t\t\t\t<\/a><a href='https:\/\/www.lasalvebilbao.eus\/'>\r\n\t\t\t\t\t\t\t<img src='https:\/\/gorbeiakoaterpea.eus\/wp-content\/uploads\/2023\/09\/la-salve-garagardoak2.png' title='La Salve Garagardoa' alt='La Salve Garagardoa' \/>\r\n\t\t\t\t\t\t<\/a><a href='https:\/\/plazaamurrio.com\/'>\r\n\t\t\t\t\t\t\t<img src='https:\/\/gorbeiakoaterpea.eus\/wp-content\/uploads\/2023\/09\/plaza-amurrio-logo-255-t-250x68.png' title='Plaza Amurrio S.A.' alt='Plaza Amurrio S.A.' \/>\r\n\t\t\t\t\t\t<\/a><a href='https:\/\/www.osasunaldeweb.com\/'>\r\n\t\t\t\t\t\t\t<img src='https:\/\/gorbeiakoaterpea.eus\/wp-content\/uploads\/2023\/09\/foto-logo-blanco-y-negro.jpg' title='Osasunalde Fisioterapia' alt='Osasunalde Fisioterapia' \/>\r\n\t\t\t\t\t\t<\/a><a href='https:\/\/www.abandoseguridad.com\/'>\r\n\t\t\t\t\t\t\t<img src='https:\/\/gorbeiakoaterpea.eus\/wp-content\/uploads\/2023\/09\/abando_seguridad_2013_5-250x84.png' title='Abando Seguridad' alt='Abando Seguridad' \/>\r\n\t\t\t\t\t\t<\/a><\/div>[\/vc_column_text][\/vc_column][vc_column width=\u00bb1\/4&#8243;]<div class=\"q_image_with_text_over \"><div class=\"shader\"><\/div><img src=\"https:\/\/gorbeiakoaterpea.eus\/wp-content\/uploads\/2019\/11\/accesos.jpg\" alt=\"COMO LLEGAR\" \/><div class=\"text\"><table><tr><td><i class=\"icon_holder fa fa-location-arrow fa-3x \" ><\/i><h3 class=\"caption \" style=\"\">COMO LLEGAR<\/h3><\/td><\/tr><\/table><table><tr><td><div class=\"desc\">COMO LLEGAR AL REFUGIO. [vc_separator type=&#8217;transparent&#8217; position=&#8217;center&#8217; color=\u00bb thickness=\u00bb up=&#8217;10&#8217; down=&#8217;10&#8217;] <a href=\"\/es\/como-llegar\/\" target=\"_self\"  class=\"qbutton \" style=\"\">VER<\/a><\/div><\/td><\/tr><\/table><\/div><\/div><div class=\"q_image_with_text_over \"><div class=\"shader\"><\/div><img src=\"https:\/\/gorbeiakoaterpea.eus\/wp-content\/uploads\/2019\/11\/facebook-laukia.jpg\" alt=\"SERVICIOS\" \/><div class=\"text\"><table><tr><td><i class=\"icon_holder fa fa-bars fa-3x \" ><\/i><h3 class=\"caption \" style=\"\">SERVICIOS<\/h3><\/td><\/tr><\/table><table><tr><td><div class=\"desc\">Servicios que ofrece el refugio. [vc_separator type=&#8217;transparent&#8217; position=&#8217;center&#8217; color=\u00bb thickness=\u00bb up=&#8217;10&#8217; down=&#8217;10&#8217;] <a href=\"\/es\/aterpea\/servicios\/\" target=\"_self\"  class=\"qbutton \" style=\"\">VER<\/a><\/div><\/td><\/tr><\/table><\/div><\/div>[\/vc_column][vc_column width=\u00bb1\/4&#8243;]<div class=\"q_image_with_text_over \"><div class=\"shader\"><\/div><img src=\"https:\/\/gorbeiakoaterpea.eus\/wp-content\/uploads\/2025\/10\/Los-guardas.jpg\" alt=\"LOS GUARDAS\" \/><div class=\"text\"><table><tr><td><i class=\"icon_holder fa fa-users fa-3x \" ><\/i><h3 class=\"caption \" style=\"\">LOS GUARDAS<\/h3><\/td><\/tr><\/table><table><tr><td><div class=\"desc\">Los nuevos guardas. [vc_separator type=&#8217;transparent&#8217; position=&#8217;center&#8217; color=\u00bb thickness=\u00bb up=&#8217;10&#8217; down=&#8217;10&#8217;] <a href=\"\/es\/aterpea\/quienes-somos\/\" target=\"_self\" data-hover-border-color=#ffffff  class=\"qbutton \" style=\"color: #ffffff; border-color: #ffffff; \">VER<\/a><\/div><\/td><\/tr><\/table><\/div><\/div><div class=\"q_image_with_text_over \"><div class=\"shader\"><\/div><img src=\"https:\/\/gorbeiakoaterpea.eus\/wp-content\/uploads\/2019\/11\/refugio.jpg\" alt=\"El refugio por dentro\" \/><div class=\"text\"><table><tr><td><i class=\"icon_holder fa fa-camera fa-3x \" ><\/i><h3 class=\"caption \" style=\"\">El refugio por dentro<\/h3><\/td><\/tr><\/table><table><tr><td><div class=\"desc\">Fotograf\u00edas del refugio. [vc_separator type=&#8217;transparent&#8217; position=&#8217;center&#8217; color=\u00bb thickness=\u00bb up=&#8217;10&#8217; down=&#8217;10&#8217;] <a href=\"\/es\/aterpea\/el-refugio-por-dentro\/\" target=\"_self\" data-hover-border-color=#ffffff  class=\"qbutton \" style=\"color: #ffffff; border-color: #ffffff; \">VER<\/a><\/div><\/td><\/tr><\/table><\/div><\/div>[\/vc_column][vc_column width=\u00bb1\/4&#8243;]<div class=\"q_image_with_text_over \"><div class=\"shader\"><\/div><img src=\"https:\/\/gorbeiakoaterpea.eus\/wp-content\/uploads\/2013\/12\/lekanda-laukia.jpg\" alt=\"FOTOS DEL ENTORNO\" \/><div class=\"text\"><table><tr><td><i class=\"icon_holder fa fa-camera-retro fa-3x \" ><\/i><h3 class=\"caption \" style=\"\">FOTOS DEL ENTORNO<\/h3><\/td><\/tr><\/table><table><tr><td><div class=\"desc\">Fotograf\u00edas del entorno del refugio. [vc_separator type=&#8217;transparent&#8217; position=&#8217;center&#8217; color=\u00bb thickness=\u00bb up=&#8217;10&#8217; down=&#8217;10&#8217;] <a href=\"\/es\/aterpea\/fotos-del-entorno\/\" target=\"_self\"  class=\"qbutton \" style=\"\">VER<\/a><\/div><\/td><\/tr><\/table><\/div><\/div>[\/vc_column][\/vc_row]<\/p>\n<\/section>","protected":false},"excerpt":{"rendered":"<p>[vc_row][vc_column][vc_separator type=\u00bbtransparent\u00bb thickness=\u00bb50&#8243;][\/vc_column][\/vc_row][vc_row type=\u00bbgrid\u00bb][vc_column width=\u00bb1\/4&#8243;][vc_column_text] 711 77 66 48 info@gorbeiakoaterpea.eus [\/vc_column_text][vc_separator type=\u00bbtransparent\u00bb thickness=\u00bb10&#8243;][vc_separator type=\u00bbtransparent\u00bb thickness=\u00bb10&#8243;][vc_column_text][\/vc_column_text][\/vc_column][vc_column&#8230;<\/p>\n","protected":false},"author":2,"featured_media":0,"parent":0,"menu_order":0,"comment_status":"closed","ping_status":"closed","template":"full_width.php","meta":[],"aioseo_notices":[],"_links":{"self":[{"href":"https:\/\/gorbeiakoaterpea.eus\/es\/wp-json\/wp\/v2\/pages\/18109"}],"collection":[{"href":"https:\/\/gorbeiakoaterpea.eus\/es\/wp-json\/wp\/v2\/pages"}],"about":[{"href":"https:\/\/gorbeiakoaterpea.eus\/es\/wp-json\/wp\/v2\/types\/page"}],"author":[{"embeddable":true,"href":"https:\/\/gorbeiakoaterpea.eus\/es\/wp-json\/wp\/v2\/users\/2"}],"replies":[{"embeddable":true,"href":"https:\/\/gorbeiakoaterpea.eus\/es\/wp-json\/wp\/v2\/comments?post=18109"}],"version-history":[{"count":5,"href":"https:\/\/gorbeiakoaterpea.eus\/es\/wp-json\/wp\/v2\/pages\/18109\/revisions"}],"predecessor-version":[{"id":20143,"href":"https:\/\/gorbeiakoaterpea.eus\/es\/wp-json\/wp\/v2\/pages\/18109\/revisions\/20143"}],"wp:attachment":[{"href":"https:\/\/gorbeiakoaterpea.eus\/es\/wp-json\/wp\/v2\/media?parent=18109"}],"curies":[{"name":"wp","href":"https:\/\/api.w.org\/{rel}","templated":true}]}}