{"id":18266,"date":"2015-04-21T09:28:54","date_gmt":"2015-04-21T08:28:54","guid":{"rendered":"http:\/\/gorbeiakoaterpea.eus\/?page_id=18266"},"modified":"2016-06-08T08:52:00","modified_gmt":"2016-06-08T07:52:00","slug":"que-hacer-en-gorbea","status":"publish","type":"page","link":"https:\/\/gorbeiakoaterpea.eus\/es\/que-hacer-en-gorbea\/","title":{"rendered":"Qu\u00e9 hacer en Gorbea"},"content":{"rendered":"<section class=\"wpb-content-wrapper\"><p>[vc_row type=\u00bbgrid\u00bb][vc_column width=\u00bb1\/6&#8243;][vc_column_text]<br \/>\n[\/vc_column_text][\/vc_column][vc_column width=\u00bb2\/3&#8243;][vc_column_text]<\/p>\n<h1 style=\"text-align: center;\">QU\u00c9 HACER EN GORBEA[vc_separator type=&#8217;normal&#8217; position=&#8217;center&#8217; color=&#8217;#ffffff&#8217; thickness=&#8217;1&#8242; up=\u00bb down=\u00bb]<\/h1>\n<p>En las opciones que te ofrecemos tienes ideas para disfrutar de tu estancia en Gorbea. Elije las actividades que quieras en funci\u00f3n de tus gustos y capacidades, pero siempre para disfrutar. Ten en cuenta tambi\u00e9n las capacidades y gustos de quienes te acompa\u00f1aran y no te olvides de consultar las condiciones meteorol\u00f3gicas.<\/p>\n<p>Si necesitas m\u00e1s informaci\u00f3n no dudes en contactar con nosotros.<\/p>\n<p>Si elijes alguna de las ofertas de actividades propuestas por el refugio la experiencia no te defraudar\u00e1, estaremos encantados de vivir con vosotros unos d\u00edas para recordar.[\/vc_column_text][\/vc_column][vc_column width=\u00bb1\/6&#8243;][vc_column_text]<br \/>\n[\/vc_column_text][\/vc_column][\/vc_row][vc_row type=\u00bbgrid\u00bb][vc_column][vc_separator type=\u00bbtransparent\u00bb thickness=\u00bb50&#8243;][\/vc_column][\/vc_row]<\/p>\n[vc_row row_type=\"row\" use_row_as_full_screen_section=\"no\" type=\"grid\" text_align=\"left\" background_image_as_pattern=\"without_pattern\"][vc_column width='1\/4']\r\n\t\t\t\t\t\t<div class=\"q_image_with_text_over \"><div class=\"shader\"><\/div><img src=\"https:\/\/gorbeiakoaterpea.eus\/wp-content\/uploads\/2023\/07\/neberabarri-347x347.jpg\" alt=\"Actividades escolares\" \/><div class=\"text\"><table><tr><td><h3 class=\"caption no_icon\" style=\"\">Actividades escolares<\/h3><\/td><\/tr><\/table><table><tr><td><div class=\"desc\">\r\n\t\t\t\t\t\t\t[vc_separator type='transparent' position='center' color='' thickness='' up='10' down='10']\r\n\t\t\t\t\t\t\t<a href=\"https:\/\/gorbeiakoaterpea.eus\/es\/actividades\/actividades-escolares\/\" target=\"_self\" data-hover-border-color=#ffffff  class=\"qbutton \" style=\"color: #ffffff; border-color: #ffffff; \">Ver actividades<\/a>\r\n\t\t\t\t\t\t<\/div><\/td><\/tr><\/table><\/div><\/div>\r\n\t\t\t\t\t[\/vc_column][vc_column width='1\/4']\r\n\t\t\t\t\t\t<div class=\"q_image_with_text_over \"><div class=\"shader\"><\/div><img src=\"https:\/\/gorbeiakoaterpea.eus\/wp-content\/uploads\/2015\/03\/Fotos-entorno4-347x347.jpg\" alt=\"Actividades para grupos\" \/><div class=\"text\"><table><tr><td><h3 class=\"caption no_icon\" style=\"\">Actividades para grupos<\/h3><\/td><\/tr><\/table><table><tr><td><div class=\"desc\">\r\n\t\t\t\t\t\t\t[vc_separator type='transparent' position='center' color='' thickness='' up='10' down='10']\r\n\t\t\t\t\t\t\t<a href=\"https:\/\/gorbeiakoaterpea.eus\/es\/actividades\/actividades-para-grupos\/\" target=\"_self\" data-hover-border-color=#ffffff  class=\"qbutton \" style=\"color: #ffffff; border-color: #ffffff; \">Ver actividades<\/a>\r\n\t\t\t\t\t\t<\/div><\/td><\/tr><\/table><\/div><\/div>\r\n\t\t\t\t\t[\/vc_column][vc_column width='1\/4']\r\n\t\t\t\t\t\t<div class=\"q_image_with_text_over \"><div class=\"shader\"><\/div><img src=\"https:\/\/gorbeiakoaterpea.eus\/wp-content\/uploads\/2022\/10\/manos-347x347.jpg\" alt=\"Actividades y servicios para empresas\" \/><div class=\"text\"><table><tr><td><h3 class=\"caption no_icon\" style=\"\">Actividades y servicios para empresas<\/h3><\/td><\/tr><\/table><table><tr><td><div class=\"desc\">\r\n\t\t\t\t\t\t\t[vc_separator type='transparent' position='center' color='' thickness='' up='10' down='10']\r\n\t\t\t\t\t\t\t<a href=\"https:\/\/gorbeiakoaterpea.eus\/es\/actividades\/actividades-y-servicios-para-empresas-es\/\" target=\"_self\" data-hover-border-color=#ffffff  class=\"qbutton \" style=\"color: #ffffff; border-color: #ffffff; \">Ver actividades<\/a>\r\n\t\t\t\t\t\t<\/div><\/td><\/tr><\/table><\/div><\/div>\r\n\t\t\t\t\t[\/vc_column][\/vc_row]<\/section>","protected":false},"excerpt":{"rendered":"<p>[vc_row type=\u00bbgrid\u00bb][vc_column width=\u00bb1\/6&#8243;][vc_column_text] [\/vc_column_text][\/vc_column][vc_column width=\u00bb2\/3&#8243;][vc_column_text] QU\u00c9 HACER EN GORBEA[vc_separator type=&#8217;normal&#8217; position=&#8217;center&#8217; color=&#8217;#ffffff&#8217; thickness=&#8217;1&#8242; up=\u00bb down=\u00bb]&#8230;<\/p>\n","protected":false},"author":2,"featured_media":0,"parent":0,"menu_order":0,"comment_status":"closed","ping_status":"closed","template":"full_width.php","meta":[],"aioseo_notices":[],"_links":{"self":[{"href":"https:\/\/gorbeiakoaterpea.eus\/es\/wp-json\/wp\/v2\/pages\/18266"}],"collection":[{"href":"https:\/\/gorbeiakoaterpea.eus\/es\/wp-json\/wp\/v2\/pages"}],"about":[{"href":"https:\/\/gorbeiakoaterpea.eus\/es\/wp-json\/wp\/v2\/types\/page"}],"author":[{"embeddable":true,"href":"https:\/\/gorbeiakoaterpea.eus\/es\/wp-json\/wp\/v2\/users\/2"}],"replies":[{"embeddable":true,"href":"https:\/\/gorbeiakoaterpea.eus\/es\/wp-json\/wp\/v2\/comments?post=18266"}],"version-history":[{"count":0,"href":"https:\/\/gorbeiakoaterpea.eus\/es\/wp-json\/wp\/v2\/pages\/18266\/revisions"}],"wp:attachment":[{"href":"https:\/\/gorbeiakoaterpea.eus\/es\/wp-json\/wp\/v2\/media?parent=18266"}],"curies":[{"name":"wp","href":"https:\/\/api.w.org\/{rel}","templated":true}]}}