{"id":18410,"date":"2015-06-03T11:24:17","date_gmt":"2015-06-03T10:24:17","guid":{"rendered":"http:\/\/gorbeiakoaterpea.eus\/es\/?page_id=18410"},"modified":"2016-03-09T23:05:07","modified_gmt":"2016-03-09T22:05:07","slug":"transporte","status":"publish","type":"page","link":"https:\/\/gorbeiakoaterpea.eus\/es\/gorbeialdea\/transporte\/","title":{"rendered":"Transporte"},"content":{"rendered":"<section class=\"wpb-content-wrapper\"><p>[vc_row][vc_column width=\u00bb1\/1&#8243;][\/vc_column][\/vc_row][vc_row row_type=\u00bbrow\u00bb use_row_as_full_screen_section=\u00bbno\u00bb type=\u00bbfull_width\u00bb text_align=\u00bbleft\u00bb background_image_as_pattern=\u00bbwithout_pattern\u00bb][vc_column width=\u00bb1\/1&#8243;][vc_column_text]<\/p>\n<h1 style=\"text-align: center;\"><span style=\"color: #ffffff;\">TRANSPORTE<\/span>[vc_separator type=&#8217;full_width&#8217; position=&#8217;center&#8217; color=&#8217;#ffffff&#8217; thickness=&#8217;1&#8242; up=\u00bb down=\u00bb]<\/h1>\n<p>[\/vc_column_text][vc_separator type=\u00bbtransparent\u00bb position=\u00bbcenter\u00bb thickness=\u00bb50&#8243;][\/vc_column][\/vc_row][vc_row row_type=\u00bbrow\u00bb use_row_as_full_screen_section=\u00bbno\u00bb type=\u00bbfull_width\u00bb text_align=\u00bbleft\u00bb background_image_as_pattern=\u00bbwithout_pattern\u00bb][vc_column width=\u00bb1\/1&#8243;][vc_column_text]<\/p>\n<h1 style=\"text-align: center;\">BILBOBUS[vc_separator type=&#8217;small&#8217; position=&#8217;center&#8217; color=\u00bb thickness=\u00bb up=\u00bb down=\u00bb]<\/h1>\n<p>[\/vc_column_text][vc_separator type=\u00bbtransparent\u00bb position=\u00bbcenter\u00bb thickness=\u00bb50&#8243;][\/vc_column][\/vc_row][vc_row row_type=\u00bbrow\u00bb use_row_as_full_screen_section=\u00bbno\u00bb type=\u00bbgrid\u00bb text_align=\u00bbleft\u00bb background_image_as_pattern=\u00bbwithout_pattern\u00bb][vc_column width=\u00bb1\/6&#8243;][\/vc_column][vc_column width=\u00bb2\/3&#8243;][vc_column_text]Iniciamos el recorrido en Pagomakurre a 875 m. Hasta aqu\u00ed accedemos en coche desde Areatza por pista asfaltada. En el parking tenemos fuente, ba\u00f1os, mesas y contenedores para depositar la basura cuando bajemos del monte. Esta permitido dejar el veh\u00edculo por la noche. Desde el parking continuar por la pista. El itinerario hasta el refugio es un recorrido de apenas 3,5km con un desnivel de 200 m por terreno f\u00e1cil. Ascendemos todo el tiempo por la pista, en la entrada de Arraba veremos dos caminos marcados flanqueados por sendas hileras de \u00e1rboles. El itinerario de la derecha nos conduce al refugio de Grupo Alpino Ganguren y el que parte hacia nuestra izquierda es que nos conduce hacia la cima del Gorbea y al Refugio. Continuamos siguiendo la l\u00ednea de \u00e1rboles hasta un cruce en que una se\u00f1al nos indica Refugio a la derecha y Gorbea de frente. Seguimos flanqueados por las l\u00edneas de \u00e1rboles que nos llevan al refugio en pocos minutos. El recorrido se puede realizar perfectamente en menos de una hora. Cuando no se puede acceder hasta el parking de Pagomakurre, ya sea por nieve en invierno o por estar el parking completo podemos aparcar dos kil\u00f3metros antes en Larreder, parking y zona de esparcimiento. Desde Larreder supone dos kil\u00f3metros m\u00e1s de marcha.<\/p>\n<p>[\/vc_column_text][\/vc_column][vc_column width=\u00bb1\/6&#8243;][\/vc_column][\/vc_row][vc_row row_type=\u00bbrow\u00bb use_row_as_full_screen_section=\u00bbno\u00bb type=\u00bbfull_width\u00bb text_align=\u00bbleft\u00bb background_image_as_pattern=\u00bbwithout_pattern\u00bb][vc_column width=\u00bb1\/1&#8243;][vc_separator type=\u00bbtransparent\u00bb position=\u00bbcenter\u00bb thickness=\u00bb80&#8243;][\/vc_column][\/vc_row]<\/p>\n<\/section>","protected":false},"excerpt":{"rendered":"<p>[vc_row][vc_column width=\u00bb1\/1&#8243;][\/vc_column][\/vc_row][vc_row row_type=\u00bbrow\u00bb use_row_as_full_screen_section=\u00bbno\u00bb type=\u00bbfull_width\u00bb text_align=\u00bbleft\u00bb background_image_as_pattern=\u00bbwithout_pattern\u00bb][vc_column width=\u00bb1\/1&#8243;][vc_column_text] TRANSPORTE[vc_separator type=&#8217;full_width&#8217; position=&#8217;center&#8217; color=&#8217;#ffffff&#8217; thickness=&#8217;1&#8242; up=\u00bb down=\u00bb]&#8230;<\/p>\n","protected":false},"author":2,"featured_media":0,"parent":18407,"menu_order":0,"comment_status":"closed","ping_status":"closed","template":"full_width.php","meta":[],"aioseo_notices":[],"_links":{"self":[{"href":"https:\/\/gorbeiakoaterpea.eus\/es\/wp-json\/wp\/v2\/pages\/18410"}],"collection":[{"href":"https:\/\/gorbeiakoaterpea.eus\/es\/wp-json\/wp\/v2\/pages"}],"about":[{"href":"https:\/\/gorbeiakoaterpea.eus\/es\/wp-json\/wp\/v2\/types\/page"}],"author":[{"embeddable":true,"href":"https:\/\/gorbeiakoaterpea.eus\/es\/wp-json\/wp\/v2\/users\/2"}],"replies":[{"embeddable":true,"href":"https:\/\/gorbeiakoaterpea.eus\/es\/wp-json\/wp\/v2\/comments?post=18410"}],"version-history":[{"count":0,"href":"https:\/\/gorbeiakoaterpea.eus\/es\/wp-json\/wp\/v2\/pages\/18410\/revisions"}],"up":[{"embeddable":true,"href":"https:\/\/gorbeiakoaterpea.eus\/es\/wp-json\/wp\/v2\/pages\/18407"}],"wp:attachment":[{"href":"https:\/\/gorbeiakoaterpea.eus\/es\/wp-json\/wp\/v2\/media?parent=18410"}],"curies":[{"name":"wp","href":"https:\/\/api.w.org\/{rel}","templated":true}]}}