{"id":18551,"date":"2016-05-05T16:40:15","date_gmt":"2016-05-05T15:40:15","guid":{"rendered":"http:\/\/gorbeiakoaterpea.eus\/es\/?page_id=18551"},"modified":"2016-05-05T17:10:44","modified_gmt":"2016-05-05T16:10:44","slug":"actividades-ofrecidas-por-el-refugio","status":"publish","type":"page","link":"https:\/\/gorbeiakoaterpea.eus\/es\/actividades-ofrecidas-por-el-refugio\/","title":{"rendered":"Actividades ofrecidas por el refugio"},"content":{"rendered":"<section class=\"wpb-content-wrapper\"><p>Te ofrecemos la posibilidad de descubrir los rincones m\u00e1gicos de Gorbea en actividades guiadas con gu\u00edas titulados acreditaci\u00f3n UIMLA, seguro y todas las garant\u00edas. Actividades de una o varias jornadas, para ni\u00f1os, familias, Clubes de monta\u00f1a, etc. Todos los niveles, desde senderismo sencillo a marchas exigentes por terreno t\u00e9cnico. Programas a medida para grupos.<\/p>\n<p>Solic\u00edtanos informaci\u00f3n sin compromiso envi\u00e1ndonos un email a <a href=\"mailto:info@gorbeiakoaterpea.eus\">info@gorbeiakoaterpea.eus<\/a>.<\/p>\n<p>&nbsp;<\/p>\n[vc_row row_type=\"row\" use_row_as_full_screen_section=\"no\" type=\"grid\" text_align=\"left\" background_image_as_pattern=\"without_pattern\"][vc_column width='1\/4']\r\n\t\t\t\t\t\t<div class=\"q_image_with_text_over \"><div class=\"shader\"><\/div><img src=\"https:\/\/gorbeiakoaterpea.eus\/wp-content\/uploads\/2023\/07\/neberabarri-347x347.jpg\" alt=\"Actividades escolares\" \/><div class=\"text\"><table><tr><td><h3 class=\"caption no_icon\" style=\"\">Actividades escolares<\/h3><\/td><\/tr><\/table><table><tr><td><div class=\"desc\">\r\n\t\t\t\t\t\t\t[vc_separator type='transparent' position='center' color='' thickness='' up='10' down='10']\r\n\t\t\t\t\t\t\t<a href=\"https:\/\/gorbeiakoaterpea.eus\/es\/actividades\/actividades-escolares\/\" target=\"_self\" data-hover-border-color=#ffffff  class=\"qbutton \" style=\"color: #ffffff; border-color: #ffffff; \">Ver actividades<\/a>\r\n\t\t\t\t\t\t<\/div><\/td><\/tr><\/table><\/div><\/div>\r\n\t\t\t\t\t[\/vc_column][vc_column width='1\/4']\r\n\t\t\t\t\t\t<div class=\"q_image_with_text_over \"><div class=\"shader\"><\/div><img src=\"https:\/\/gorbeiakoaterpea.eus\/wp-content\/uploads\/2015\/03\/Fotos-entorno4-347x347.jpg\" alt=\"Actividades para grupos\" \/><div class=\"text\"><table><tr><td><h3 class=\"caption no_icon\" style=\"\">Actividades para grupos<\/h3><\/td><\/tr><\/table><table><tr><td><div class=\"desc\">\r\n\t\t\t\t\t\t\t[vc_separator type='transparent' position='center' color='' thickness='' up='10' down='10']\r\n\t\t\t\t\t\t\t<a href=\"https:\/\/gorbeiakoaterpea.eus\/es\/actividades\/actividades-para-grupos\/\" target=\"_self\" data-hover-border-color=#ffffff  class=\"qbutton \" style=\"color: #ffffff; border-color: #ffffff; \">Ver actividades<\/a>\r\n\t\t\t\t\t\t<\/div><\/td><\/tr><\/table><\/div><\/div>\r\n\t\t\t\t\t[\/vc_column][vc_column width='1\/4']\r\n\t\t\t\t\t\t<div class=\"q_image_with_text_over \"><div class=\"shader\"><\/div><img src=\"https:\/\/gorbeiakoaterpea.eus\/wp-content\/uploads\/2022\/10\/manos-347x347.jpg\" alt=\"Actividades y servicios para empresas\" \/><div class=\"text\"><table><tr><td><h3 class=\"caption no_icon\" style=\"\">Actividades y servicios para empresas<\/h3><\/td><\/tr><\/table><table><tr><td><div class=\"desc\">\r\n\t\t\t\t\t\t\t[vc_separator type='transparent' position='center' color='' thickness='' up='10' down='10']\r\n\t\t\t\t\t\t\t<a href=\"https:\/\/gorbeiakoaterpea.eus\/es\/actividades\/actividades-y-servicios-para-empresas-es\/\" target=\"_self\" data-hover-border-color=#ffffff  class=\"qbutton \" style=\"color: #ffffff; border-color: #ffffff; \">Ver actividades<\/a>\r\n\t\t\t\t\t\t<\/div><\/td><\/tr><\/table><\/div><\/div>\r\n\t\t\t\t\t[\/vc_column][\/vc_row]\n<\/section>","protected":false},"excerpt":{"rendered":"<p>Te ofrecemos la posibilidad de descubrir los rincones m\u00e1gicos de Gorbea en actividades guiadas con&#8230;<\/p>\n","protected":false},"author":2,"featured_media":0,"parent":0,"menu_order":0,"comment_status":"closed","ping_status":"closed","template":"","meta":[],"aioseo_notices":[],"_links":{"self":[{"href":"https:\/\/gorbeiakoaterpea.eus\/es\/wp-json\/wp\/v2\/pages\/18551"}],"collection":[{"href":"https:\/\/gorbeiakoaterpea.eus\/es\/wp-json\/wp\/v2\/pages"}],"about":[{"href":"https:\/\/gorbeiakoaterpea.eus\/es\/wp-json\/wp\/v2\/types\/page"}],"author":[{"embeddable":true,"href":"https:\/\/gorbeiakoaterpea.eus\/es\/wp-json\/wp\/v2\/users\/2"}],"replies":[{"embeddable":true,"href":"https:\/\/gorbeiakoaterpea.eus\/es\/wp-json\/wp\/v2\/comments?post=18551"}],"version-history":[{"count":0,"href":"https:\/\/gorbeiakoaterpea.eus\/es\/wp-json\/wp\/v2\/pages\/18551\/revisions"}],"wp:attachment":[{"href":"https:\/\/gorbeiakoaterpea.eus\/es\/wp-json\/wp\/v2\/media?parent=18551"}],"curies":[{"name":"wp","href":"https:\/\/api.w.org\/{rel}","templated":true}]}}