{"id":18574,"date":"2016-05-05T19:23:36","date_gmt":"2016-05-05T18:23:36","guid":{"rendered":"http:\/\/gorbeiakoaterpea.eus\/es\/?page_id=18574"},"modified":"2026-04-04T18:18:25","modified_gmt":"2026-04-04T16:18:25","slug":"restaurante","status":"publish","type":"page","link":"https:\/\/gorbeiakoaterpea.eus\/es\/restaurante\/","title":{"rendered":"Restaurante"},"content":{"rendered":"<p><img loading=\"lazy\" class=\"wp-image-18667 aligncenter\" src=\"http:\/\/gorbeiakoaterpea.eus\/wp-content\/uploads\/2016\/05\/logo-imagen-300x111.png\" alt=\"logo imagen\" width=\"300\" height=\"111\" srcset=\"https:\/\/gorbeiakoaterpea.eus\/wp-content\/uploads\/2016\/05\/logo-imagen-300x111.png 300w, https:\/\/gorbeiakoaterpea.eus\/wp-content\/uploads\/2016\/05\/logo-imagen-145x53.png 145w, https:\/\/gorbeiakoaterpea.eus\/wp-content\/uploads\/2016\/05\/logo-imagen-250x92.png 250w, https:\/\/gorbeiakoaterpea.eus\/wp-content\/uploads\/2016\/05\/logo-imagen.png 480w\" sizes=\"(max-width: 300px) 100vw, 300px\" \/><\/p>\n<p>Ofrecemos servicio de restaurante siempre que el refugio est\u00e1 abierto.<\/p>\n<p>Mantenemos la cocina abierta hasta las 15:30; a partir de esta hora solamente servimos comida fr\u00eda, queso, raciones de embutido, etc.<\/p>\n<p>En todo lo posible utilizamos productos y proveedores de Gorbea y su entorno<\/p>\n<p>&nbsp;<\/p>\n<h2><em><strong>\u00a0 \u00a0 \u00a0 \u00a0 \u00a0 \u00a0 \u00a0 \u00a0 \u00a0 \u00a0 \u00a0 \u00a0 \u00a0 \u00a0 \u00a0Para almorzar o comer ofrecemos:<\/strong><\/em><\/h2>\n<p>&nbsp;<\/p>\n<ul>\n<li>Ensaladas: Verde y mixta<\/li>\n<li>Platos combinados de huevos con: txorizo \/ panceta\/ lomo\/pechuga de pollo\/jam\u00f3n\/ zancarr\u00f3n en invierno<\/li>\n<li>Podemos acompa\u00f1ar los platos con: Cebolla pochada, pimiento rojo o champi\u00f1on<\/li>\n<li>Bocadillos\u00a0de :txorizo \/ panceta\/ lomo\/pechuga de pollo\/jam\u00f3n\/ embutido. Acompa\u00f1ados de pimientos o queso de Gorbea<\/li>\n<li>Raciones de: queso de Gorbea, membrillo y nueces\/ txorizo \/ panceta\/ lomo\/pechuga de pollo\/jam\u00f3n\/ zancarr\u00f3n en invierno\/embutido<\/li>\n<\/ul>\n<p><em><strong>\u00a0 \u00a0 \u00a0 \u00a0 \u00a0 \u00a0 \u00a0 \u00a0 \u00a0 .<\/strong><\/em><\/p>\n<p><em><strong> \u00a0 \u00a0 \u00a0 \u00a0 \u00a0 \u00a0 \u00a0 \u00a0\u00a0<\/strong><\/em><\/p>\n<h1><em><strong>\u00a0 \u00a0 \u00a0 \u00a0 \u00a0 \u00a0 \u00a0 \u00a0 \u00a0 \u00a0 \u00a0 \u00a0 Comidas por encargo<\/strong><\/em><\/h1>\n<p>&nbsp;<\/p>\n<p>De lunes a viernes salvo festivos damos comidas por encargo. Ofrecemos paellas de carne, pescado o mixta, carne a la brasa, alubiada, lo que quieras reservar.<\/p>\n<p>Grupo m\u00ednimo 8 personas, m\u00e1ximo 25 personas<\/p>\n<p>Reservas con m\u00ednimo 2 d\u00edas de antelaci\u00f3n.<\/p>\n<p>Todos los productos que podemos son siempre de productores y empresas del entorno de Gorbea.<\/p>\n<p>Carne a la brasa, queso y pan siempre son de productores locales con denominaci\u00f3n de origen.<\/p>\n<p><em>\u00a0<strong>Tel\u00e9fono 94 633 81 48<\/strong><\/em><\/p>\n<p><em><strong>\u00a0 \u00a0 \u00a0 \u00a0 \u00a0 \u00a0 \u00a0 \u00a0 \u00a0 \u00a0 \u00a0 \u00a0 \u00a0 \u00a0 \u00a0 \u00a0 \u00a0 \u00a0 \u00a0 \u00a0 \u00a0 \u00a0 \u00a0 \u00a0 \u00a0 \u00a0e-mail: \u00a0info@gorbeiakoaterpea.eus<\/strong><\/em><\/p>\n<p>&nbsp;<\/p>\n<h2><em><strong>\u00a0 \u00a0 \u00a0 \u00a0 \u00a0 \u00a0 \u00a0 \u00a0 \u00a0 \u00a0 \u00a0 \u00a0 \u00a0 \u00a0 Servicio a alojados en el refugio<\/strong><\/em><\/h2>\n<p><strong>Cenas<\/strong><\/p>\n<p>Se sirve a\u00a0\u00a0las 20:00<\/p>\n<p><span style=\"line-height: 1.5;\">Incluye 1\u00ba y 2\u00ba plato m\u00e1s postre, agua y pan.\u00a0<\/span><\/p>\n<p><strong>Desayunos<\/strong><\/p>\n<p>Siempre antes de las 09:00, la hora se fija en la cena anterior<\/p>\n<p>Incluye: zumo ecol\u00f3gico, jam\u00f3n york, queso, membrillo, galletas, madalena, pan tostado, miel, mermelada, mantequilla, cafe, colacao, leche, infusi\u00f3n, cereales.<\/p>\n<p><strong>Picnic<\/strong><\/p>\n<p>Incluye: botella de agua de 1\/2 litro, zumo, fruta del tiempo, 2 barritas energ\u00e9ticas, frutos secos, bocadillo<\/p>\n","protected":false},"excerpt":{"rendered":"<p>Ofrecemos servicio de restaurante siempre que el refugio est\u00e1 abierto. Mantenemos la cocina abierta hasta&#8230;<\/p>\n","protected":false},"author":3,"featured_media":0,"parent":0,"menu_order":0,"comment_status":"closed","ping_status":"closed","template":"","meta":[],"aioseo_notices":[],"_links":{"self":[{"href":"https:\/\/gorbeiakoaterpea.eus\/es\/wp-json\/wp\/v2\/pages\/18574"}],"collection":[{"href":"https:\/\/gorbeiakoaterpea.eus\/es\/wp-json\/wp\/v2\/pages"}],"about":[{"href":"https:\/\/gorbeiakoaterpea.eus\/es\/wp-json\/wp\/v2\/types\/page"}],"author":[{"embeddable":true,"href":"https:\/\/gorbeiakoaterpea.eus\/es\/wp-json\/wp\/v2\/users\/3"}],"replies":[{"embeddable":true,"href":"https:\/\/gorbeiakoaterpea.eus\/es\/wp-json\/wp\/v2\/comments?post=18574"}],"version-history":[{"count":3,"href":"https:\/\/gorbeiakoaterpea.eus\/es\/wp-json\/wp\/v2\/pages\/18574\/revisions"}],"predecessor-version":[{"id":20156,"href":"https:\/\/gorbeiakoaterpea.eus\/es\/wp-json\/wp\/v2\/pages\/18574\/revisions\/20156"}],"wp:attachment":[{"href":"https:\/\/gorbeiakoaterpea.eus\/es\/wp-json\/wp\/v2\/media?parent=18574"}],"curies":[{"name":"wp","href":"https:\/\/api.w.org\/{rel}","templated":true}]}}