{"id":18864,"date":"2017-01-04T13:37:28","date_gmt":"2017-01-04T12:37:28","guid":{"rendered":"http:\/\/gorbeiakoaterpea.eus\/es\/?page_id=18864"},"modified":"2017-01-04T13:44:07","modified_gmt":"2017-01-04T12:44:07","slug":"privacidad","status":"publish","type":"page","link":"https:\/\/gorbeiakoaterpea.eus\/es\/privacidad\/","title":{"rendered":"Privacidad"},"content":{"rendered":"<h3>LEY DE PROTECCI\u00d3N DE DATOS<\/h3>\n<p>En cumplimiento de la Ley 15\/99 de Protecci\u00f3n de Datos de Car\u00e1cter Personal, Gorbeiako Aterpea como gestor del refugio tiene la obligaci\u00f3n de informarle de lo siguiente:<\/p>\n<p>Sus datos personales pasar\u00e1n a formar parte de un grupo de ficheros automatizados responsabilidad de Gorbeiako Aterpea, destinatarios de la informaci\u00f3n aportada voluntariamente por ustedes. Sus datos se utilizar\u00e1n exclusivamente para gestionar la reserva por usted realizada desde su solicitud a su posterior realizaci\u00f3n.<\/p>\n<p>Los derechos de oposici\u00f3n, acceso, rectificaci\u00f3n y cancelaci\u00f3n que la Ley le otorga puede ejercerlos mediante e-mail a la siguiente direcci\u00f3n <a href=\"mailto:info@gorbeiakoaterpea.eus\">info@gorbeiakoaterpea.eus<\/a>.<\/p>\n","protected":false},"excerpt":{"rendered":"<p>LEY DE PROTECCI\u00d3N DE DATOS En cumplimiento de la Ley 15\/99 de Protecci\u00f3n de Datos&#8230;<\/p>\n","protected":false},"author":2,"featured_media":0,"parent":0,"menu_order":0,"comment_status":"closed","ping_status":"closed","template":"","meta":[],"aioseo_notices":[],"_links":{"self":[{"href":"https:\/\/gorbeiakoaterpea.eus\/es\/wp-json\/wp\/v2\/pages\/18864"}],"collection":[{"href":"https:\/\/gorbeiakoaterpea.eus\/es\/wp-json\/wp\/v2\/pages"}],"about":[{"href":"https:\/\/gorbeiakoaterpea.eus\/es\/wp-json\/wp\/v2\/types\/page"}],"author":[{"embeddable":true,"href":"https:\/\/gorbeiakoaterpea.eus\/es\/wp-json\/wp\/v2\/users\/2"}],"replies":[{"embeddable":true,"href":"https:\/\/gorbeiakoaterpea.eus\/es\/wp-json\/wp\/v2\/comments?post=18864"}],"version-history":[{"count":0,"href":"https:\/\/gorbeiakoaterpea.eus\/es\/wp-json\/wp\/v2\/pages\/18864\/revisions"}],"wp:attachment":[{"href":"https:\/\/gorbeiakoaterpea.eus\/es\/wp-json\/wp\/v2\/media?parent=18864"}],"curies":[{"name":"wp","href":"https:\/\/api.w.org\/{rel}","templated":true}]}}